{"id":8936,"date":"2025-09-25T10:16:29","date_gmt":"2025-09-25T08:16:29","guid":{"rendered":"https:\/\/www.ecole-sacre-coeur-lorient.com\/?page_id=8936"},"modified":"2025-09-25T10:43:14","modified_gmt":"2025-09-25T08:43:14","slug":"la-methode-de-preoccupation-partagee","status":"publish","type":"page","link":"https:\/\/www.ecole-sacre-coeur-lorient.com\/index.php\/la-methode-de-preoccupation-partagee\/","title":{"rendered":"La M\u00e9thode de Pr\u00e9occupation Partag\u00e9e"},"content":{"rendered":"<div class=\"wp-block-image\">\n<figure class=\"aligncenter size-large\"><img loading=\"lazy\" decoding=\"async\" width=\"724\" height=\"1024\" src=\"https:\/\/www.ecole-sacre-coeur-lorient.com\/wp-content\/uploads\/2025\/09\/circulaire-parents-HARMONY-page-001-724x1024.jpg\" alt=\"\" class=\"wp-image-8937\" srcset=\"https:\/\/www.ecole-sacre-coeur-lorient.com\/wp-content\/uploads\/2025\/09\/circulaire-parents-HARMONY-page-001-724x1024.jpg 724w, https:\/\/www.ecole-sacre-coeur-lorient.com\/wp-content\/uploads\/2025\/09\/circulaire-parents-HARMONY-page-001-212x300.jpg 212w, https:\/\/www.ecole-sacre-coeur-lorient.com\/wp-content\/uploads\/2025\/09\/circulaire-parents-HARMONY-page-001-768x1086.jpg 768w, https:\/\/www.ecole-sacre-coeur-lorient.com\/wp-content\/uploads\/2025\/09\/circulaire-parents-HARMONY-page-001-1086x1536.jpg 1086w, https:\/\/www.ecole-sacre-coeur-lorient.com\/wp-content\/uploads\/2025\/09\/circulaire-parents-HARMONY-page-001-600x849.jpg 600w, https:\/\/www.ecole-sacre-coeur-lorient.com\/wp-content\/uploads\/2025\/09\/circulaire-parents-HARMONY-page-001.jpg 1240w\" sizes=\"(max-width: 724px) 100vw, 724px\" \/><\/figure><\/div>\n\n<div class=\"wp-block-image\">\n<figure class=\"aligncenter size-large\"><img loading=\"lazy\" decoding=\"async\" width=\"1024\" height=\"768\" src=\"https:\/\/www.ecole-sacre-coeur-lorient.com\/wp-content\/uploads\/2025\/09\/circulaire-familles-page-001-1024x768.jpg\" alt=\"\" class=\"wp-image-8939\" srcset=\"https:\/\/www.ecole-sacre-coeur-lorient.com\/wp-content\/uploads\/2025\/09\/circulaire-familles-page-001-1024x768.jpg 1024w, https:\/\/www.ecole-sacre-coeur-lorient.com\/wp-content\/uploads\/2025\/09\/circulaire-familles-page-001-300x225.jpg 300w, https:\/\/www.ecole-sacre-coeur-lorient.com\/wp-content\/uploads\/2025\/09\/circulaire-familles-page-001-768x576.jpg 768w, https:\/\/www.ecole-sacre-coeur-lorient.com\/wp-content\/uploads\/2025\/09\/circulaire-familles-page-001-1536x1152.jpg 1536w, https:\/\/www.ecole-sacre-coeur-lorient.com\/wp-content\/uploads\/2025\/09\/circulaire-familles-page-001-600x450.jpg 600w, https:\/\/www.ecole-sacre-coeur-lorient.com\/wp-content\/uploads\/2025\/09\/circulaire-familles-page-001.jpg 1600w\" sizes=\"(max-width: 1024px) 100vw, 1024px\" \/><\/figure><\/div>\n\n<div class=\"wp-block-image\">\n<figure class=\"aligncenter size-large\"><img loading=\"lazy\" decoding=\"async\" width=\"724\" height=\"1024\" src=\"https:\/\/www.ecole-sacre-coeur-lorient.com\/wp-content\/uploads\/2025\/09\/Colore-Ludique-Trombinoscope-Document-A4-724x1024.jpg\" alt=\"\" class=\"wp-image-8944\" srcset=\"https:\/\/www.ecole-sacre-coeur-lorient.com\/wp-content\/uploads\/2025\/09\/Colore-Ludique-Trombinoscope-Document-A4-724x1024.jpg 724w, https:\/\/www.ecole-sacre-coeur-lorient.com\/wp-content\/uploads\/2025\/09\/Colore-Ludique-Trombinoscope-Document-A4-212x300.jpg 212w, https:\/\/www.ecole-sacre-coeur-lorient.com\/wp-content\/uploads\/2025\/09\/Colore-Ludique-Trombinoscope-Document-A4-768x1086.jpg 768w, https:\/\/www.ecole-sacre-coeur-lorient.com\/wp-content\/uploads\/2025\/09\/Colore-Ludique-Trombinoscope-Document-A4-1086x1536.jpg 1086w, https:\/\/www.ecole-sacre-coeur-lorient.com\/wp-content\/uploads\/2025\/09\/Colore-Ludique-Trombinoscope-Document-A4-600x849.jpg 600w, https:\/\/www.ecole-sacre-coeur-lorient.com\/wp-content\/uploads\/2025\/09\/Colore-Ludique-Trombinoscope-Document-A4.jpg 1414w\" sizes=\"(max-width: 724px) 100vw, 724px\" \/><\/figure><\/div>","protected":false},"excerpt":{"rendered":"","protected":false},"author":1,"featured_media":0,"parent":0,"menu_order":0,"comment_status":"closed","ping_status":"closed","template":"","meta":{"footnotes":""},"_links":{"self":[{"href":"https:\/\/www.ecole-sacre-coeur-lorient.com\/index.php\/wp-json\/wp\/v2\/pages\/8936"}],"collection":[{"href":"https:\/\/www.ecole-sacre-coeur-lorient.com\/index.php\/wp-json\/wp\/v2\/pages"}],"about":[{"href":"https:\/\/www.ecole-sacre-coeur-lorient.com\/index.php\/wp-json\/wp\/v2\/types\/page"}],"author":[{"embeddable":true,"href":"https:\/\/www.ecole-sacre-coeur-lorient.com\/index.php\/wp-json\/wp\/v2\/users\/1"}],"replies":[{"embeddable":true,"href":"https:\/\/www.ecole-sacre-coeur-lorient.com\/index.php\/wp-json\/wp\/v2\/comments?post=8936"}],"version-history":[{"count":2,"href":"https:\/\/www.ecole-sacre-coeur-lorient.com\/index.php\/wp-json\/wp\/v2\/pages\/8936\/revisions"}],"predecessor-version":[{"id":8945,"href":"https:\/\/www.ecole-sacre-coeur-lorient.com\/index.php\/wp-json\/wp\/v2\/pages\/8936\/revisions\/8945"}],"wp:attachment":[{"href":"https:\/\/www.ecole-sacre-coeur-lorient.com\/index.php\/wp-json\/wp\/v2\/media?parent=8936"}],"curies":[{"name":"wp","href":"https:\/\/api.w.org\/{rel}","templated":true}]}}