{"id":6613,"date":"2025-06-26T08:07:49","date_gmt":"2025-06-26T06:07:49","guid":{"rendered":"https:\/\/www.ecole-sacre-coeur-lorient.com\/?page_id=6613"},"modified":"2025-06-30T11:37:58","modified_gmt":"2025-06-30T09:37:58","slug":"liste-de-fournitures-scolaires-24-25","status":"publish","type":"page","link":"https:\/\/www.ecole-sacre-coeur-lorient.com\/index.php\/liste-de-fournitures-scolaires-24-25\/","title":{"rendered":"Listes des fournitures scolaires 25-26"},"content":{"rendered":"\n<div data-wp-interactive=\"core\/file\" class=\"wp-block-file\"><object data-wp-bind--hidden=\"!state.hasPdfPreview\"  class=\"wp-block-file__embed\" data=\"https:\/\/www.ecole-sacre-coeur-lorient.com\/wp-content\/uploads\/2024\/06\/fournitures-TPS-PS-MS-1.pdf\" type=\"application\/pdf\" style=\"width:100%;height:600px\" aria-label=\"Contenu embarqu\u00e9 fournitures-TPS-PS-MS-1.\"><\/object><a id=\"wp-block-file--media-209d1db6-b882-44e0-b778-ea8a4f4d6ad8\" href=\"https:\/\/www.ecole-sacre-coeur-lorient.com\/wp-content\/uploads\/2024\/06\/fournitures-TPS-PS-MS-1.pdf\">fournitures-TPS-PS-MS-1<\/a><a href=\"https:\/\/www.ecole-sacre-coeur-lorient.com\/wp-content\/uploads\/2024\/06\/fournitures-TPS-PS-MS-1.pdf\" class=\"wp-block-file__button wp-element-button\" download aria-describedby=\"wp-block-file--media-209d1db6-b882-44e0-b778-ea8a4f4d6ad8\">T\u00e9l\u00e9charger<\/a><\/div>\n\n\n\n<div data-wp-interactive=\"core\/file\" class=\"wp-block-file\"><object data-wp-bind--hidden=\"!state.hasPdfPreview\"  class=\"wp-block-file__embed\" data=\"https:\/\/www.ecole-sacre-coeur-lorient.com\/wp-content\/uploads\/2024\/06\/fournitures-GS.pdf\" type=\"application\/pdf\" style=\"width:100%;height:600px\" aria-label=\"Contenu embarqu\u00e9 fournitures-GS.\"><\/object><a id=\"wp-block-file--media-a531a9ca-aa78-4304-b348-ab31e64513ee\" href=\"https:\/\/www.ecole-sacre-coeur-lorient.com\/wp-content\/uploads\/2024\/06\/fournitures-GS.pdf\">fournitures-GS<\/a><a href=\"https:\/\/www.ecole-sacre-coeur-lorient.com\/wp-content\/uploads\/2024\/06\/fournitures-GS.pdf\" class=\"wp-block-file__button wp-element-button\" download aria-describedby=\"wp-block-file--media-a531a9ca-aa78-4304-b348-ab31e64513ee\">T\u00e9l\u00e9charger<\/a><\/div>\n\n\n\n<div data-wp-interactive=\"core\/file\" class=\"wp-block-file aligncenter\"><object data-wp-bind--hidden=\"!state.hasPdfPreview\"  class=\"wp-block-file__embed\" data=\"https:\/\/www.ecole-sacre-coeur-lorient.com\/wp-content\/uploads\/2025\/06\/Liste-de-founitures-CP.pdf\" type=\"application\/pdf\" style=\"width:100%;height:600px\" aria-label=\"Contenu embarqu\u00e9 Liste-de-founitures-CP.\"><\/object><a id=\"wp-block-file--media-c80c2047-7e3b-4624-9a5c-32e7a116349b\" href=\"https:\/\/www.ecole-sacre-coeur-lorient.com\/wp-content\/uploads\/2025\/06\/Liste-de-founitures-CP.pdf\">Liste-de-founitures-CP<\/a><a href=\"https:\/\/www.ecole-sacre-coeur-lorient.com\/wp-content\/uploads\/2025\/06\/Liste-de-founitures-CP.pdf\" class=\"wp-block-file__button wp-element-button\" download aria-describedby=\"wp-block-file--media-c80c2047-7e3b-4624-9a5c-32e7a116349b\">T\u00e9l\u00e9charger<\/a><\/div>\n\n\n\n<div data-wp-interactive=\"core\/file\" class=\"wp-block-file aligncenter\"><object data-wp-bind--hidden=\"!state.hasPdfPreview\"  class=\"wp-block-file__embed\" data=\"https:\/\/www.ecole-sacre-coeur-lorient.com\/wp-content\/uploads\/2025\/06\/Liste-des-fournitures-CE1.pdf\" type=\"application\/pdf\" style=\"width:100%;height:600px\" aria-label=\"Contenu embarqu\u00e9 Liste-des-fournitures-CE1.\"><\/object><a id=\"wp-block-file--media-126a1930-f1a7-4446-9fc5-ab73a69f7d20\" href=\"https:\/\/www.ecole-sacre-coeur-lorient.com\/wp-content\/uploads\/2025\/06\/Liste-des-fournitures-CE1.pdf\">Liste-des-fournitures-CE1<\/a><a href=\"https:\/\/www.ecole-sacre-coeur-lorient.com\/wp-content\/uploads\/2025\/06\/Liste-des-fournitures-CE1.pdf\" class=\"wp-block-file__button wp-element-button\" download aria-describedby=\"wp-block-file--media-126a1930-f1a7-4446-9fc5-ab73a69f7d20\">T\u00e9l\u00e9charger<\/a><\/div>\n\n\n\n<div data-wp-interactive=\"core\/file\" class=\"wp-block-file aligncenter\"><object data-wp-bind--hidden=\"!state.hasPdfPreview\"  class=\"wp-block-file__embed\" data=\"https:\/\/www.ecole-sacre-coeur-lorient.com\/wp-content\/uploads\/2025\/06\/Liste-des-fournitures-CE2.pdf\" type=\"application\/pdf\" style=\"width:100%;height:600px\" aria-label=\"Contenu embarqu\u00e9 Liste-des-fournitures-CE2.\"><\/object><a id=\"wp-block-file--media-73055dea-740b-4bfc-be32-e875444ee50b\" href=\"https:\/\/www.ecole-sacre-coeur-lorient.com\/wp-content\/uploads\/2025\/06\/Liste-des-fournitures-CE2.pdf\">Liste-des-fournitures-CE2<\/a><a href=\"https:\/\/www.ecole-sacre-coeur-lorient.com\/wp-content\/uploads\/2025\/06\/Liste-des-fournitures-CE2.pdf\" class=\"wp-block-file__button wp-element-button\" download aria-describedby=\"wp-block-file--media-73055dea-740b-4bfc-be32-e875444ee50b\">T\u00e9l\u00e9charger<\/a><\/div>\n\n\n\n<div data-wp-interactive=\"core\/file\" class=\"wp-block-file aligncenter\"><object data-wp-bind--hidden=\"!state.hasPdfPreview\"  class=\"wp-block-file__embed\" data=\"https:\/\/www.ecole-sacre-coeur-lorient.com\/wp-content\/uploads\/2025\/06\/fournitures-CM.pdf\" type=\"application\/pdf\" style=\"width:100%;height:600px\" aria-label=\"Contenu embarqu\u00e9 fournitures-CM.\"><\/object><a id=\"wp-block-file--media-09180df9-c506-465e-ae82-797915de0cdf\" href=\"https:\/\/www.ecole-sacre-coeur-lorient.com\/wp-content\/uploads\/2025\/06\/fournitures-CM.pdf\">fournitures-CM<\/a><a href=\"https:\/\/www.ecole-sacre-coeur-lorient.com\/wp-content\/uploads\/2025\/06\/fournitures-CM.pdf\" class=\"wp-block-file__button wp-element-button\" download aria-describedby=\"wp-block-file--media-09180df9-c506-465e-ae82-797915de0cdf\">T\u00e9l\u00e9charger<\/a><\/div>\n","protected":false},"excerpt":{"rendered":"fournitures-TPS-PS-MS-1T\u00e9l\u00e9charger fournitures-GST\u00e9l\u00e9charger Liste-de-founitures-CPT\u00e9l\u00e9charger Liste-des-fournitures-CE1T\u00e9l\u00e9charger Liste-des-fournitures-CE2T\u00e9l\u00e9charger fournitures-CMT\u00e9l\u00e9charger","protected":false},"author":1,"featured_media":0,"parent":0,"menu_order":0,"comment_status":"closed","ping_status":"closed","template":"","meta":{"footnotes":""},"_links":{"self":[{"href":"https:\/\/www.ecole-sacre-coeur-lorient.com\/index.php\/wp-json\/wp\/v2\/pages\/6613"}],"collection":[{"href":"https:\/\/www.ecole-sacre-coeur-lorient.com\/index.php\/wp-json\/wp\/v2\/pages"}],"about":[{"href":"https:\/\/www.ecole-sacre-coeur-lorient.com\/index.php\/wp-json\/wp\/v2\/types\/page"}],"author":[{"embeddable":true,"href":"https:\/\/www.ecole-sacre-coeur-lorient.com\/index.php\/wp-json\/wp\/v2\/users\/1"}],"replies":[{"embeddable":true,"href":"https:\/\/www.ecole-sacre-coeur-lorient.com\/index.php\/wp-json\/wp\/v2\/comments?post=6613"}],"version-history":[{"count":7,"href":"https:\/\/www.ecole-sacre-coeur-lorient.com\/index.php\/wp-json\/wp\/v2\/pages\/6613\/revisions"}],"predecessor-version":[{"id":8727,"href":"https:\/\/www.ecole-sacre-coeur-lorient.com\/index.php\/wp-json\/wp\/v2\/pages\/6613\/revisions\/8727"}],"wp:attachment":[{"href":"https:\/\/www.ecole-sacre-coeur-lorient.com\/index.php\/wp-json\/wp\/v2\/media?parent=6613"}],"curies":[{"name":"wp","href":"https:\/\/api.w.org\/{rel}","templated":true}]}}