{"id":5617,"date":"2024-04-04T13:38:25","date_gmt":"2024-04-04T11:38:25","guid":{"rendered":"http:\/\/dev-nextgen.ecole-sacre-coeur-lorient.com\/?page_id=5617"},"modified":"2024-08-26T11:44:30","modified_gmt":"2024-08-26T09:44:30","slug":"le-portail-familles-noefil","status":"publish","type":"page","link":"https:\/\/www.ecole-sacre-coeur-lorient.com\/index.php\/le-portail-familles-noefil\/","title":{"rendered":"Le portail familles NOEFIL"},"content":{"rendered":"\n<p>Chers parents,<\/p>\n\n\n\n<p>Un portail famille vous est d\u00e9di\u00e9, NOEFIL. Plusieurs fonctionnalit\u00e9s sont \u00e0 votre disposition :<\/p>\n\n\n\n<ul>\n<li>Signaler les absences de votre enfant ;<\/li>\n<\/ul>\n\n\n\n<ul>\n<li>Consulter et t\u00e9l\u00e9charger vos factures mensuelles ;<\/li>\n<\/ul>\n\n\n\n<ul>\n<li>Consulter et t\u00e9l\u00e9charger le certificat de scolarit\u00e9.<\/li>\n<\/ul>\n\n\n\n<p>Si vous rencontrez des difficult\u00e9s pour vous connecter, nous vous invitons \u00e0 prendre contact avec Karine Racap\u00e9, notre secr\u00e9taire-comptable au 02 97 64 43 95 ou par mail <a href=\"mailto:secretariat@ecole-sacre-coeur-lorient.com\">secretariat@ecole-sacre-coeur-lorient.com<\/a><\/p>\n\n\n\n<p><\/p>\n\n\n\n<div class=\"wp-block-buttons is-content-justification-center is-layout-flex wp-container-core-buttons-is-layout-1 wp-block-buttons-is-layout-flex\">\n<div class=\"wp-block-button\"><a class=\"wp-block-button__link wp-element-button\" href=\"https:\/\/www.noefil.fr\/portail\/\"><mark style=\"background-color:rgba(0, 0, 0, 0)\" class=\"has-inline-color has-luminous-vivid-amber-color\">Portail NOEFIL<\/mark><\/a><\/div>\n<\/div>\n","protected":false},"excerpt":{"rendered":"<p>Chers parents, Un portail famille vous est d\u00e9di\u00e9, NOEFIL. Plusieurs fonctionnalit\u00e9s sont \u00e0 votre disposition : Si vous rencontrez des difficult\u00e9s pour vous connecter, nous vous invitons \u00e0 prendre contact avec Karine Racap\u00e9, notre secr\u00e9taire-comptable au 02 97 64 43 95 ou par mail secretariat@ecole-sacre-coeur-lorient.com<\/p>\n","protected":false},"author":1,"featured_media":0,"parent":0,"menu_order":0,"comment_status":"closed","ping_status":"closed","template":"","meta":{"footnotes":""},"_links":{"self":[{"href":"https:\/\/www.ecole-sacre-coeur-lorient.com\/index.php\/wp-json\/wp\/v2\/pages\/5617"}],"collection":[{"href":"https:\/\/www.ecole-sacre-coeur-lorient.com\/index.php\/wp-json\/wp\/v2\/pages"}],"about":[{"href":"https:\/\/www.ecole-sacre-coeur-lorient.com\/index.php\/wp-json\/wp\/v2\/types\/page"}],"author":[{"embeddable":true,"href":"https:\/\/www.ecole-sacre-coeur-lorient.com\/index.php\/wp-json\/wp\/v2\/users\/1"}],"replies":[{"embeddable":true,"href":"https:\/\/www.ecole-sacre-coeur-lorient.com\/index.php\/wp-json\/wp\/v2\/comments?post=5617"}],"version-history":[{"count":4,"href":"https:\/\/www.ecole-sacre-coeur-lorient.com\/index.php\/wp-json\/wp\/v2\/pages\/5617\/revisions"}],"predecessor-version":[{"id":6762,"href":"https:\/\/www.ecole-sacre-coeur-lorient.com\/index.php\/wp-json\/wp\/v2\/pages\/5617\/revisions\/6762"}],"wp:attachment":[{"href":"https:\/\/www.ecole-sacre-coeur-lorient.com\/index.php\/wp-json\/wp\/v2\/media?parent=5617"}],"curies":[{"name":"wp","href":"https:\/\/api.w.org\/{rel}","templated":true}]}}