{"id":5205,"date":"2024-03-24T18:35:00","date_gmt":"2024-03-24T17:35:00","guid":{"rendered":"http:\/\/dev-nextgen.ecole-sacre-coeur-lorient.com\/?page_id=5205"},"modified":"2024-03-25T11:20:48","modified_gmt":"2024-03-25T10:20:48","slug":"le-reglement-des-eleves","status":"publish","type":"page","link":"https:\/\/www.ecole-sacre-coeur-lorient.com\/index.php\/le-reglement-des-eleves\/","title":{"rendered":"Le r\u00e8glement des \u00e9l\u00e8ves"},"content":{"rendered":"<div class=\"wp-block-image\">\n<figure class=\"aligncenter size-large\"><img loading=\"lazy\" decoding=\"async\" width=\"724\" height=\"1024\" src=\"http:\/\/dev-nextgen.ecole-sacre-coeur-lorient.com\/wp-content\/uploads\/2024\/03\/Reglement-des-eleves-page-001-1-724x1024.jpg\" alt=\"\" class=\"wp-image-5275\" srcset=\"https:\/\/www.ecole-sacre-coeur-lorient.com\/wp-content\/uploads\/2024\/03\/Reglement-des-eleves-page-001-1-724x1024.jpg 724w, https:\/\/www.ecole-sacre-coeur-lorient.com\/wp-content\/uploads\/2024\/03\/Reglement-des-eleves-page-001-1-600x849.jpg 600w, https:\/\/www.ecole-sacre-coeur-lorient.com\/wp-content\/uploads\/2024\/03\/Reglement-des-eleves-page-001-1-212x300.jpg 212w, https:\/\/www.ecole-sacre-coeur-lorient.com\/wp-content\/uploads\/2024\/03\/Reglement-des-eleves-page-001-1-768x1086.jpg 768w, https:\/\/www.ecole-sacre-coeur-lorient.com\/wp-content\/uploads\/2024\/03\/Reglement-des-eleves-page-001-1-1086x1536.jpg 1086w, https:\/\/www.ecole-sacre-coeur-lorient.com\/wp-content\/uploads\/2024\/03\/Reglement-des-eleves-page-001-1.jpg 1240w\" sizes=\"(max-width: 724px) 100vw, 724px\" \/><\/figure><\/div>","protected":false},"excerpt":{"rendered":"","protected":false},"author":1,"featured_media":0,"parent":0,"menu_order":0,"comment_status":"closed","ping_status":"closed","template":"","meta":{"footnotes":""},"_links":{"self":[{"href":"https:\/\/www.ecole-sacre-coeur-lorient.com\/index.php\/wp-json\/wp\/v2\/pages\/5205"}],"collection":[{"href":"https:\/\/www.ecole-sacre-coeur-lorient.com\/index.php\/wp-json\/wp\/v2\/pages"}],"about":[{"href":"https:\/\/www.ecole-sacre-coeur-lorient.com\/index.php\/wp-json\/wp\/v2\/types\/page"}],"author":[{"embeddable":true,"href":"https:\/\/www.ecole-sacre-coeur-lorient.com\/index.php\/wp-json\/wp\/v2\/users\/1"}],"replies":[{"embeddable":true,"href":"https:\/\/www.ecole-sacre-coeur-lorient.com\/index.php\/wp-json\/wp\/v2\/comments?post=5205"}],"version-history":[{"count":2,"href":"https:\/\/www.ecole-sacre-coeur-lorient.com\/index.php\/wp-json\/wp\/v2\/pages\/5205\/revisions"}],"predecessor-version":[{"id":5276,"href":"https:\/\/www.ecole-sacre-coeur-lorient.com\/index.php\/wp-json\/wp\/v2\/pages\/5205\/revisions\/5276"}],"wp:attachment":[{"href":"https:\/\/www.ecole-sacre-coeur-lorient.com\/index.php\/wp-json\/wp\/v2\/media?parent=5205"}],"curies":[{"name":"wp","href":"https:\/\/api.w.org\/{rel}","templated":true}]}}