{"id":5176,"date":"2024-03-24T17:21:33","date_gmt":"2024-03-24T16:21:33","guid":{"rendered":"http:\/\/dev-nextgen.ecole-sacre-coeur-lorient.com\/?page_id=5176"},"modified":"2025-07-11T15:00:12","modified_gmt":"2025-07-11T13:00:12","slug":"la-pastorale","status":"publish","type":"page","link":"https:\/\/www.ecole-sacre-coeur-lorient.com\/index.php\/la-pastorale\/","title":{"rendered":"La pastorale et la cat\u00e9ch\u00e8se"},"content":{"rendered":"<div class=\"wpb-content-wrapper\"><p>[vc_row][vc_column][vc_column_text]<\/p>\n<p style=\"text-align: justify;\">D\u00e8s la maternelle, les enfants b\u00e9n\u00e9ficient d&rsquo;un \u00e9veil religieux en lien avec le calendrier liturgique. \u00c0 partir de la classe de CE1, ils entrent officiellement en cat\u00e9ch\u00e8se et b\u00e9n\u00e9ficient d&rsquo;une heure par semaine inscrite dans les programmes.<\/p>\n<p style=\"text-align: justify;\">Une c\u00e9l\u00e9bration d&rsquo;\u00e9cole par p\u00e9riode r\u00e9unit les 11 classes dans la pri\u00e8re.<\/p>\n<p style=\"text-align: justify;\">L&rsquo;\u00e9quipe p\u00e9dagogique, en lien avec la paroisse Sainte Anne d&rsquo;Arvor et son recteur Herv\u00e9 LE BERRE, invitent r\u00e9guli\u00e8rement les enfants et leurs familles \u00e0 participer aux c\u00e9l\u00e9brations dominicales et paroissiales.<\/p>\n<p>[\/vc_column_text][\/vc_column][\/vc_row][vc_row][vc_column width=\u00a0\u00bb1\/2&Prime;][vc_single_image image=\u00a0\u00bb7354&Prime; img_size=\u00a0\u00bbmedium\u00a0\u00bb alignment=\u00a0\u00bbcenter\u00a0\u00bb onclick=\u00a0\u00bblink_image\u00a0\u00bb][\/vc_column][vc_column width=\u00a0\u00bb1\/2&Prime;][vc_single_image image=\u00a0\u00bb7350&Prime; img_size=\u00a0\u00bbmedium\u00a0\u00bb onclick=\u00a0\u00bblink_image\u00a0\u00bb][\/vc_column][\/vc_row]<\/p>\n<\/div>","protected":false},"excerpt":{"rendered":"<p>[vc_row][vc_column][vc_column_text] D\u00e8s la maternelle, les enfants b\u00e9n\u00e9ficient d&rsquo;un \u00e9veil religieux en lien avec le calendrier liturgique. \u00c0 partir de la classe de CE1, ils entrent officiellement en cat\u00e9ch\u00e8se et b\u00e9n\u00e9ficient d&rsquo;une heure par semaine inscrite dans les programmes. Une c\u00e9l\u00e9bration d&rsquo;\u00e9cole par p\u00e9riode r\u00e9unit les 11 classes dans la pri\u00e8re. L&rsquo;\u00e9quipe p\u00e9dagogique, en lien avec [&hellip;]<\/p>\n","protected":false},"author":1,"featured_media":0,"parent":0,"menu_order":0,"comment_status":"closed","ping_status":"closed","template":"","meta":{"footnotes":""},"_links":{"self":[{"href":"https:\/\/www.ecole-sacre-coeur-lorient.com\/index.php\/wp-json\/wp\/v2\/pages\/5176"}],"collection":[{"href":"https:\/\/www.ecole-sacre-coeur-lorient.com\/index.php\/wp-json\/wp\/v2\/pages"}],"about":[{"href":"https:\/\/www.ecole-sacre-coeur-lorient.com\/index.php\/wp-json\/wp\/v2\/types\/page"}],"author":[{"embeddable":true,"href":"https:\/\/www.ecole-sacre-coeur-lorient.com\/index.php\/wp-json\/wp\/v2\/users\/1"}],"replies":[{"embeddable":true,"href":"https:\/\/www.ecole-sacre-coeur-lorient.com\/index.php\/wp-json\/wp\/v2\/comments?post=5176"}],"version-history":[{"count":5,"href":"https:\/\/www.ecole-sacre-coeur-lorient.com\/index.php\/wp-json\/wp\/v2\/pages\/5176\/revisions"}],"predecessor-version":[{"id":8816,"href":"https:\/\/www.ecole-sacre-coeur-lorient.com\/index.php\/wp-json\/wp\/v2\/pages\/5176\/revisions\/8816"}],"wp:attachment":[{"href":"https:\/\/www.ecole-sacre-coeur-lorient.com\/index.php\/wp-json\/wp\/v2\/media?parent=5176"}],"curies":[{"name":"wp","href":"https:\/\/api.w.org\/{rel}","templated":true}]}}