{"id":4649,"date":"2015-12-09T11:01:42","date_gmt":"2015-12-09T11:01:42","guid":{"rendered":"http:\/\/smartyschool.stylemixthemes.com\/?page_id=241"},"modified":"2025-07-11T14:48:55","modified_gmt":"2025-07-11T12:48:55","slug":"aproposdenotreecole","status":"publish","type":"page","link":"https:\/\/www.ecole-sacre-coeur-lorient.com\/index.php\/aproposdenotreecole\/","title":{"rendered":"A propos de notre \u00e9cole"},"content":{"rendered":"<div class=\"wpb-content-wrapper\"><p>[vc_row full_width=\u00a0\u00bbstretch_row\u00a0\u00bb css=\u00a0\u00bb.vc_custom_1455945184511{background-color: #ffffff !important;background-position: 0 0 !important;background-repeat: no-repeat !important;}\u00a0\u00bb][vc_column width=\u00a0\u00bb2\/3&Prime; offset=\u00a0\u00bbvc_col-lg-4 vc_col-md-4&Prime;][stm_spacing lg_spacing=\u00a0\u00bb36px\u00a0\u00bb md_spacing=\u00a0\u00bb10px\u00a0\u00bb][stm_blockquote cite=\u00a0\u00bb<b>Florence SALAMAND<\/b>, La directrice\u00a0\u00bb footer_space_t=\u00a0\u00bb60px\u00a0\u00bb]Cr\u00e9\u00e9e par les S\u0153urs de la Charit\u00e9 de Saint Louis en 1885, l&rsquo;\u00e9cole Sacr\u00e9 C\u0153ur a bien \u00e9volu\u00e9 durant ce dernier si\u00e8cle.<\/p>\n<p>Aujourd&rsquo;hui, <strong>300 \u00e9l\u00e8ves<\/strong> de la TPS au CM2 donnent vie \u00e0 notre belle \u00e9cole.<\/p>\n<p><strong>13<\/strong> enseignantes,<strong> 1<\/strong> enseignante sp\u00e9cialis\u00e9e, <strong>10<\/strong> personnels et<strong> 2<\/strong> AESH ont \u00e0 c\u0153ur \u00e0 les faire grandir.<\/p>\n<p>Notre devise, \u00ab\u00a0Donner des racines et des ailes aux enfants\u00a0\u00bb, r\u00e9sume nos convictions et nos valeurs \u00e9ducatives.[\/stm_blockquote][stm_spacing xs_spacing=\u00a0\u00bb40px\u00a0\u00bb][\/vc_column][vc_column width=\u00a0\u00bb1\/3&Prime; css=\u00a0\u00bb.vc_custom_1457088176282{margin-bottom: 0px !important;padding-top: 0px !important;}\u00a0\u00bb offset=\u00a0\u00bbvc_col-lg-4 vc_col-md-4&Prime;][stm_single_image img_alignment=\u00a0\u00bbcenter\u00a0\u00bb img_id=\u00a0\u00bb6062&Prime; img_size=\u00a0\u00bb400&#215;600&Prime;][stm_spacing xs_spacing=\u00a0\u00bb80px\u00a0\u00bb][\/vc_column][\/vc_row][vc_row full_width=\u00a0\u00bbstretch_row\u00a0\u00bb css=\u00a0\u00bb.vc_custom_1459850953652{margin-bottom: 66px !important;padding-top: 38px !important;padding-bottom: 22px !important;background-color: #f8f8f8 !important;}\u00a0\u00bb][vc_column][stm_title title_tag=\u00a0\u00bbh2&Prime; title_align=\u00a0\u00bbcenter\u00a0\u00bb sep_enable=\u00a0\u00bbtrue\u00a0\u00bb title=\u00a0\u00bbEquipe \u00e9ducative\u00a0\u00bb sep_css=\u00a0\u00bbmargin-bottom:50px;\u00a0\u00bb sep_line_css=\u00a0\u00bbwidth:60px;height:2px;\u00a0\u00bb title_font=\u00a0\u00bbfont-weight:300;\u00a0\u00bb title_margin=\u00a0\u00bbmargin-bottom:50px;\u00a0\u00bb sep_margin_b=\u00a0\u00bb50px\u00a0\u00bb][\/stm_title][vc_column_text]<\/p>\n<p style=\"text-align: left;\"><span style=\"font-size: 14pt;\"><strong>A la direction :<\/strong> Florence SALAMAND, en d\u00e9charge de direction les mardis et jeudis<\/span><\/p>\n<p><strong>P\u00f4le TPS-PS-MS :<\/strong> Elodie EZANNO et Emmanuelle FALQUERHO (enseignantes), Pauline (asem), Micka\u00ebla (asem) et Snadra (apprentie asem)<\/p>\n<p><strong>MS-GS :<\/strong> Camille COLONNA DE GIOVELLINA (enseignante), Nela (asem)<\/p>\n<p><strong>GS<\/strong> : Sophie CREPY (enseignante), Aur\u00e9lie (asem) et Gwladys (asem)<\/p>\n<p><strong>CP :<\/strong> V\u00e9ronique BELGHIT<\/p>\n<p><strong>CE1 :<\/strong> Elise DE SEVIN<\/p>\n<p><strong>CE1-CE2 :<\/strong> Myriam DONIAS<\/p>\n<p><strong>CE2 :<\/strong> Anne-Sophie LARRAGNAGUE<\/p>\n<p><strong>CM1 :<\/strong> Sylvie LE MAGUERESSE (lundi et jeudi) et Karine GOUZIEN (mardi et vendredi)<\/p>\n<p><strong>CM1-CM2 :<\/strong> Fr\u00e9d\u00e9rique PEDECH<\/p>\n<p><strong>CM2 :<\/strong> Florence SALAMAND (lundi et vendredi) et Laurie DENEUX (mardi et jeudi)<\/p>\n<p><strong>Au secr\u00e9tariat-comptabilit\u00e9 :<\/strong> Karine RACAPE tous les matins<\/p>\n<p><strong>Au service de restauration :<\/strong> Nathalie, Camille, Nela, Gwladys<\/p>\n<p><strong>Au service de nettoyage :<\/strong> Nela, Camille, Micka\u00ebla et Nathalie<\/p>\n<p><strong>Au service de garderie :<\/strong> Pauline le matin &#8211; Camille et Sandra le soir<\/p>\n<p><strong>Au service de surveillance de la pause m\u00e9ridienne :<\/strong> Pauline, Aur\u00e9lie et Sandra[\/vc_column_text][vc_single_image image=\u00a0\u00bb8175&Prime; img_size=\u00a0\u00bbfull\u00a0\u00bb alignment=\u00a0\u00bbcenter\u00a0\u00bb style=\u00a0\u00bbvc_box_rounded\u00a0\u00bb][\/vc_column][\/vc_row]<\/p>\n<\/div>","protected":false},"excerpt":{"rendered":"<p>[vc_row full_width=\u00a0\u00bbstretch_row\u00a0\u00bb css=\u00a0\u00bb.vc_custom_1455945184511{background-color: #ffffff !important;background-position: 0 0 !important;background-repeat: no-repeat !important;}\u00a0\u00bb][vc_column width=\u00a0\u00bb2\/3&Prime; offset=\u00a0\u00bbvc_col-lg-4 vc_col-md-4&Prime;][stm_spacing lg_spacing=\u00a0\u00bb36px\u00a0\u00bb md_spacing=\u00a0\u00bb10px\u00a0\u00bb][stm_blockquote cite=\u00a0\u00bbFlorence SALAMAND, La directrice\u00a0\u00bb footer_space_t=\u00a0\u00bb60px\u00a0\u00bb]Cr\u00e9\u00e9e par les S\u0153urs de la Charit\u00e9 de Saint Louis en 1885, l&rsquo;\u00e9cole Sacr\u00e9 C\u0153ur a bien \u00e9volu\u00e9 durant ce dernier si\u00e8cle. Aujourd&rsquo;hui, 300 \u00e9l\u00e8ves de la TPS au CM2 donnent vie \u00e0 notre belle \u00e9cole. [&hellip;]<\/p>\n","protected":false},"author":1,"featured_media":0,"parent":0,"menu_order":0,"comment_status":"closed","ping_status":"closed","template":"","meta":{"footnotes":""},"_links":{"self":[{"href":"https:\/\/www.ecole-sacre-coeur-lorient.com\/index.php\/wp-json\/wp\/v2\/pages\/4649"}],"collection":[{"href":"https:\/\/www.ecole-sacre-coeur-lorient.com\/index.php\/wp-json\/wp\/v2\/pages"}],"about":[{"href":"https:\/\/www.ecole-sacre-coeur-lorient.com\/index.php\/wp-json\/wp\/v2\/types\/page"}],"author":[{"embeddable":true,"href":"https:\/\/www.ecole-sacre-coeur-lorient.com\/index.php\/wp-json\/wp\/v2\/users\/1"}],"replies":[{"embeddable":true,"href":"https:\/\/www.ecole-sacre-coeur-lorient.com\/index.php\/wp-json\/wp\/v2\/comments?post=4649"}],"version-history":[{"count":41,"href":"https:\/\/www.ecole-sacre-coeur-lorient.com\/index.php\/wp-json\/wp\/v2\/pages\/4649\/revisions"}],"predecessor-version":[{"id":8815,"href":"https:\/\/www.ecole-sacre-coeur-lorient.com\/index.php\/wp-json\/wp\/v2\/pages\/4649\/revisions\/8815"}],"wp:attachment":[{"href":"https:\/\/www.ecole-sacre-coeur-lorient.com\/index.php\/wp-json\/wp\/v2\/media?parent=4649"}],"curies":[{"name":"wp","href":"https:\/\/api.w.org\/{rel}","templated":true}]}}